{"id":5503,"date":"2023-05-02T08:14:18","date_gmt":"2023-05-02T08:14:18","guid":{"rendered":"https:\/\/beroparts.be\/?page_id=5503"},"modified":"2023-06-02T07:23:36","modified_gmt":"2023-06-02T07:23:36","slug":"contact","status":"publish","type":"page","link":"https:\/\/beroparts.be\/de\/kontakt\/","title":{"rendered":"Kontakt"},"content":{"rendered":"<div data-elementor-type=\"wp-page\" data-elementor-id=\"5503\" class=\"elementor elementor-5503\" data-elementor-post-type=\"page\">\n\t\t\t\t\t\t\t\t\t<section class=\"elementor-section elementor-top-section elementor-element elementor-element-81cc99e elementor-section-boxed elementor-section-height-default elementor-section-height-default\" data-id=\"81cc99e\" data-element_type=\"section\">\n\t\t\t\t\t\t<div class=\"elementor-container elementor-column-gap-default\">\n\t\t\t\t\t<div class=\"elementor-column elementor-col-100 elementor-top-column elementor-element elementor-element-886d1e3\" data-id=\"886d1e3\" data-element_type=\"column\">\n\t\t\t<div class=\"elementor-widget-wrap elementor-element-populated\">\n\t\t\t\t\t\t\t\t<section class=\"elementor-section elementor-inner-section elementor-element elementor-element-2d2db05 elementor-section-boxed elementor-section-height-default elementor-section-height-default\" data-id=\"2d2db05\" data-element_type=\"section\">\n\t\t\t\t\t\t<div class=\"elementor-container elementor-column-gap-default\">\n\t\t\t\t\t<div class=\"elementor-column elementor-col-50 elementor-inner-column elementor-element elementor-element-60ac2db\" data-id=\"60ac2db\" data-element_type=\"column\">\n\t\t\t<div class=\"elementor-widget-wrap elementor-element-populated\">\n\t\t\t\t\t\t\t\t<div class=\"elementor-element elementor-element-0fa9e24 elementor-widget elementor-widget-heading\" data-id=\"0fa9e24\" data-element_type=\"widget\" data-widget_type=\"heading.default\">\n\t\t\t\t<div class=\"elementor-widget-container\">\n\t\t\t<style>\/*! elementor - v3.18.0 - 20-12-2023 *\/\n.elementor-heading-title{padding:0;margin:0;line-height:1}.elementor-widget-heading .elementor-heading-title[class*=elementor-size-]>a{color:inherit;font-size:inherit;line-height:inherit}.elementor-widget-heading .elementor-heading-title.elementor-size-small{font-size:15px}.elementor-widget-heading .elementor-heading-title.elementor-size-medium{font-size:19px}.elementor-widget-heading .elementor-heading-title.elementor-size-large{font-size:29px}.elementor-widget-heading .elementor-heading-title.elementor-size-xl{font-size:39px}.elementor-widget-heading .elementor-heading-title.elementor-size-xxl{font-size:59px}<\/style><h2 class=\"elementor-heading-title elementor-size-default\">Zu Ihren Diensten<\/h2>\t\t<\/div>\n\t\t\t\t<\/div>\n\t\t\t\t<div class=\"elementor-element elementor-element-91e251b elementor-widget elementor-widget-text-editor\" data-id=\"91e251b\" data-element_type=\"widget\" data-widget_type=\"text-editor.default\">\n\t\t\t\t<div class=\"elementor-widget-container\">\n\t\t\t<style>\/*! elementor - v3.18.0 - 20-12-2023 *\/\n.elementor-widget-text-editor.elementor-drop-cap-view-stacked .elementor-drop-cap{background-color:#69727d;color:#fff}.elementor-widget-text-editor.elementor-drop-cap-view-framed .elementor-drop-cap{color:#69727d;border:3px solid;background-color:transparent}.elementor-widget-text-editor:not(.elementor-drop-cap-view-default) .elementor-drop-cap{margin-top:8px}.elementor-widget-text-editor:not(.elementor-drop-cap-view-default) .elementor-drop-cap-letter{width:1em;height:1em}.elementor-widget-text-editor .elementor-drop-cap{float:left;text-align:center;line-height:1;font-size:50px}.elementor-widget-text-editor .elementor-drop-cap-letter{display:inline-block}<\/style>\t\t\t\t<p>Bentley und Rolls Royce sind f\u00fcr ihre hochwertige Technik und ihr Design bekannt, und das gilt auch f\u00fcr ihre Ersatzteile. Die Verwendung hochwertiger Ersatzteile ist f\u00fcr die Aufrechterhaltung der Leistung und Langlebigkeit dieser Luxusfahrzeuge unerl\u00e4sslich.<\/p><p>Beroparts ist eine zuverl\u00e4ssige Quelle f\u00fcr eine gro\u00dfe Auswahl an Autoteilen, einschlie\u00dflich Original-, OEM-, Alternativ-, \u00fcberholten und gebrauchten Teilen, mit schnellem Service und weltweiten Versandoptionen.<\/p><p>Bei Bentley und Rolls Royce ist es entscheidend, nur hochwertige Teile zu verwenden, um optimale Leistung und Sicherheit zu gew\u00e4hrleisten. Philippe hilft Ihnen gerne bei der Suche nach dem richtigen Autoteil.<\/p><p>Sie suchen ein Ersatzteil f\u00fcr Ihren Bentley oder Rolls Royce? Fordern Sie Ihr Angebot \u00fcber die Website an oder kontaktieren Sie uns \u00fcber das Kontaktformular. Wir helfen Ihnen gerne weiter.<\/p>\t\t\t\t\t\t<\/div>\n\t\t\t\t<\/div>\n\t\t\t\t\t<\/div>\n\t\t<\/div>\n\t\t\t\t<div class=\"elementor-column elementor-col-50 elementor-inner-column elementor-element elementor-element-06aeeb4\" data-id=\"06aeeb4\" data-element_type=\"column\">\n\t\t\t<div class=\"elementor-widget-wrap elementor-element-populated\">\n\t\t\t\t\t\t\t\t<div class=\"elementor-element elementor-element-fd566d5 fluentform-widget-submit-button-custom elementor-widget elementor-widget-fluent-form-widget\" data-id=\"fd566d5\" data-element_type=\"widget\" data-widget_type=\"fluent-form-widget.default\">\n\t\t\t\t<div class=\"elementor-widget-container\">\n\t\t\t\n            <div class=\"fluentform-widget-wrapper fluentform-widget-align-default\">\n\n            \n            <div class='fluentform ff-default fluentform_wrapper_1 ffs_default_wrap'><form data-form_id=\"1\" id=\"fluentform_1\" class=\"frm-fluent-form fluent_form_1 ff-el-form-top ff_form_instance_1_1 ff-form-loading ffs_default\" data-form_instance=\"ff_form_instance_1_1\" method=\"POST\" action=\"\" ><fieldset  style=\"border: none!important;margin: 0!important;padding: 0!important;background-color: transparent!important;box-shadow: none!important;outline: none!important; min-inline-size: 100%;\">\n                    <legend class=\"ff_screen_reader_title\" style=\"display: block; margin: 0!important;padding: 0!important;height: 0!important;text-indent: -999999px;width: 0!important;overflow:hidden;\">Kontakt-Formular<\/legend><input type='hidden' name='__fluent_form_embded_post_id' value='5503' \/><input type=\"hidden\" id=\"_fluentform_1_fluentformnonce\" name=\"_fluentform_1_fluentformnonce\" value=\"5c0b8f2da8\" \/><input type=\"hidden\" name=\"_wp_http_referer\" value=\"\/de\/wp-json\/wp\/v2\/pages\/5503\" \/><div data-type=\"name-element\" data-name=\"names\" class=\"ff-field_container ff-name-field-wrapper\" ><div class='ff-t-container'><div class='ff-t-cell'><div class='ff-el-group'><div class=\"ff-el-input--label asterisk-right\"><label for='ff_1_names_first_name_' aria-label=\"Vorname\">Vorname<\/label><\/div><div class='ff-el-input--content'><input type=\"text\" name=\"names[first_name]\" id=\"ff_1_names_first_name_\" class=\"ff-el-form-control\" placeholder=\"Vorname\" aria-invalid=\"false\" aria-required=\"false\"><\/div><\/div><\/div><div class='ff-t-cell'><div class='ff-el-group'><div class=\"ff-el-input--label asterisk-right\"><label for='ff_1_names_last_name_' aria-label=\"Nachname\">Nachname<\/label><\/div><div class='ff-el-input--content'><input type=\"text\" name=\"names[last_name]\" id=\"ff_1_names_last_name_\" class=\"ff-el-form-control\" placeholder=\"Nachname\" aria-invalid=\"false\" aria-required=\"false\"><\/div><\/div><\/div><\/div><\/div><div class='ff-el-group'><div class=\"ff-el-input--label ff-el-is-required asterisk-right\"><label for='ff_1_email' aria-label=\"E-Mail\">E-Mail<\/label><\/div><div class='ff-el-input--content'><input type=\"email\" name=\"email\" id=\"ff_1_email\" class=\"ff-el-form-control\" placeholder=\"E-Mail Adresse\" data-name=\"email\"  aria-invalid=\"false\" aria-required=\"true\"><\/div><\/div><div class='ff-el-group'><div class=\"ff-el-input--label asterisk-right\"><label for='ff_1_subject' aria-label=\"Thema\">Thema<\/label><\/div><div class='ff-el-input--content'><input type=\"text\" name=\"subject\" class=\"ff-el-form-control\" placeholder=\"Thema\" data-name=\"subject\" id=\"ff_1_subject\"  aria-invalid=\"false\" aria-required=\"false\"><\/div><\/div><div class='ff-el-group'><div class=\"ff-el-input--label ff-el-is-required asterisk-right\"><label for='ff_1_message' aria-label=\"Ihre Nachricht\">Ihre Nachricht<\/label><\/div><div class='ff-el-input--content'><textarea aria-invalid=\"false\" aria-required=\"true\" name=\"message\" id=\"ff_1_message\" class=\"ff-el-form-control\" placeholder=\"Ihre Nachricht\" rows=\"4\" cols=\"2\" data-name=\"message\" ><\/textarea><\/div><\/div><div class='ff-el-group ff-text-left ff_submit_btn_wrapper'><button type=\"submit\" class=\"ff-btn ff-btn-submit ff-btn-md ff_btn_style\" >Formular abschicken<\/button><\/div><\/fieldset><input type=\"hidden\" name=\"trp-form-language\" value=\"de\"\/><\/form><div id='fluentform_1_errors' class='ff-errors-in-stack ff_form_instance_1_1 ff-form-loading_errors ff_form_instance_1_1_errors'><\/div><\/div>        <script type=\"text\/javascript\">\n            window.fluent_form_ff_form_instance_1_1 = {\"id\":\"1\",\"settings\":{\"layout\":{\"labelPlacement\":\"top\",\"helpMessagePlacement\":\"with_label\",\"errorMessagePlacement\":\"inline\",\"cssClassName\":\"\",\"asteriskPlacement\":\"asterisk-right\"},\"restrictions\":{\"denyEmptySubmission\":{\"enabled\":false}}},\"form_instance\":\"ff_form_instance_1_1\",\"form_id_selector\":\"fluentform_1\",\"rules\":{\"names[first_name]\":{\"required\":{\"value\":false,\"message\":\"This field is required\"}},\"names[middle_name]\":{\"required\":{\"value\":false,\"message\":\"This field is required\"}},\"names[last_name]\":{\"required\":{\"value\":false,\"message\":\"This field is required\"}},\"email\":{\"required\":{\"value\":true,\"message\":\"This field is required\"},\"email\":{\"value\":true,\"message\":\"This field must contain a valid email\"}},\"subject\":{\"required\":{\"value\":false,\"message\":\"This field is required\"}},\"message\":{\"required\":{\"value\":true,\"message\":\"This field is required\"}}}};\n                    <\/script>\n                    <\/div>\n\n            \t\t<\/div>\n\t\t\t\t<\/div>\n\t\t\t\t\t<\/div>\n\t\t<\/div>\n\t\t\t\t\t\t\t<\/div>\n\t\t<\/section>\n\t\t\t\t\t<\/div>\n\t\t<\/div>\n\t\t\t\t\t\t\t<\/div>\n\t\t<\/section>\n\t\t\t\t<section class=\"elementor-section elementor-top-section elementor-element elementor-element-57a8e62 elementor-section-full_width elementor-section-stretched elementor-section-height-default elementor-section-height-default\" data-id=\"57a8e62\" data-element_type=\"section\" data-settings=\"{&quot;stretch_section&quot;:&quot;section-stretched&quot;}\">\n\t\t\t\t\t\t<div class=\"elementor-container elementor-column-gap-default\">\n\t\t\t\t\t<div class=\"elementor-column elementor-col-100 elementor-top-column elementor-element elementor-element-da5e8bf\" data-id=\"da5e8bf\" data-element_type=\"column\">\n\t\t\t<div class=\"elementor-widget-wrap elementor-element-populated\">\n\t\t\t\t\t\t\t\t<div class=\"elementor-element elementor-element-9696ad3 elementor-widget elementor-widget-google_maps\" data-id=\"9696ad3\" data-element_type=\"widget\" data-widget_type=\"google_maps.default\">\n\t\t\t\t<div class=\"elementor-widget-container\">\n\t\t\t<style>\/*! elementor - v3.18.0 - 20-12-2023 *\/\n.elementor-widget-google_maps .elementor-widget-container{overflow:hidden}.elementor-widget-google_maps .elementor-custom-embed{line-height:0}.elementor-widget-google_maps iframe{height:300px}<\/style>\t\t<div class=\"elementor-custom-embed\">\n\t\t\t<iframe loading=\"lazy\"\n\t\t\t\t\tsrc=\"https:\/\/maps.google.com\/maps?q=Scharestraat%2023%2C%208020%20Oostkamp&#038;t=m&#038;z=10&#038;output=embed&#038;iwloc=near\"\n\t\t\t\t\ttitle=\"Scharestraat 23, 8020 Oostkamp\"\n\t\t\t\t\taria-label=\"Scharestraat 23, 8020 Oostkamp\"\n\t\t\t><\/iframe>\n\t\t<\/div>\n\t\t\t\t<\/div>\n\t\t\t\t<\/div>\n\t\t\t\t\t<\/div>\n\t\t<\/div>\n\t\t\t\t\t\t\t<\/div>\n\t\t<\/section>\n\t\t\t\t\t\t\t<\/div>","protected":false},"excerpt":{"rendered":"<p>Zu Ihren Diensten Bentley und Rolls Royce sind bekannt f\u00fcr ihre hochwertige Technik und ihr Design, und das gilt auch f\u00fcr ihre Ersatzteile. Die Verwendung hochwertiger Ersatzteile ist f\u00fcr die Erhaltung der Leistung und Langlebigkeit dieser Luxusfahrzeuge unerl\u00e4sslich. Beroparts ist eine zuverl\u00e4ssige Quelle f\u00fcr eine gro\u00dfe Auswahl an Autoersatzteilen, darunter Originalteile, Erstausr\u00fcsterteile, alternative Teile, \u00fcberholte Teile und [...]<\/p>","protected":false},"author":1,"featured_media":0,"parent":0,"menu_order":0,"comment_status":"closed","ping_status":"closed","template":"","meta":{"footnotes":""},"class_list":["post-5503","page","type-page","status-publish","hentry"],"yoast_head":"<!-- This site is optimized with the Yoast SEO plugin v21.7 - https:\/\/yoast.com\/wordpress\/plugins\/seo\/ -->\n<title>Contact - Beroparts<\/title>\n<meta name=\"robots\" content=\"index, follow, max-snippet:-1, max-image-preview:large, max-video-preview:-1\" \/>\n<link rel=\"canonical\" href=\"https:\/\/beroparts.be\/de\/kontakt\/\" \/>\n<meta property=\"og:locale\" content=\"de_DE\" \/>\n<meta property=\"og:type\" content=\"article\" \/>\n<meta property=\"og:title\" content=\"Contact - Beroparts\" \/>\n<meta property=\"og:description\" content=\"At your service Bentley and Rolls Royce are known for their high-quality engineering and design, and this also applies to their spareparts. Using high-quality spareparts is essential to maintaining the performance and longevity of these luxury vehicles. Beroparts is a reliable source for a wide range of auto parts, including genuine, OEM, alternative, refurbished and [&hellip;]\" \/>\n<meta property=\"og:url\" content=\"https:\/\/beroparts.be\/de\/kontakt\/\" \/>\n<meta property=\"og:site_name\" content=\"Beroparts\" \/>\n<meta property=\"article:modified_time\" content=\"2023-06-02T07:23:36+00:00\" \/>\n<meta name=\"twitter:card\" content=\"summary_large_image\" \/>\n<meta name=\"twitter:label1\" content=\"Gesch\u00e4tzte Lesezeit\" \/>\n\t<meta name=\"twitter:data1\" content=\"1\u00a0Minute\" \/>\n<script type=\"application\/ld+json\" class=\"yoast-schema-graph\">{\"@context\":\"https:\/\/schema.org\",\"@graph\":[{\"@type\":\"WebPage\",\"@id\":\"https:\/\/beroparts.be\/contact\/\",\"url\":\"https:\/\/beroparts.be\/contact\/\",\"name\":\"Contact - Beroparts\",\"isPartOf\":{\"@id\":\"https:\/\/beroparts.be\/#website\"},\"datePublished\":\"2023-05-02T08:14:18+00:00\",\"dateModified\":\"2023-06-02T07:23:36+00:00\",\"breadcrumb\":{\"@id\":\"https:\/\/beroparts.be\/contact\/#breadcrumb\"},\"inLanguage\":\"de\",\"potentialAction\":[{\"@type\":\"ReadAction\",\"target\":[\"https:\/\/beroparts.be\/contact\/\"]}]},{\"@type\":\"BreadcrumbList\",\"@id\":\"https:\/\/beroparts.be\/contact\/#breadcrumb\",\"itemListElement\":[{\"@type\":\"ListItem\",\"position\":1,\"name\":\"Home\",\"item\":\"https:\/\/beroparts.be\/\"},{\"@type\":\"ListItem\",\"position\":2,\"name\":\"Contact\"}]},{\"@type\":\"WebSite\",\"@id\":\"https:\/\/beroparts.be\/#website\",\"url\":\"https:\/\/beroparts.be\/\",\"name\":\"Beroparts\",\"description\":\"Sparepartes for Bentley &amp; Rolls Royce\",\"publisher\":{\"@id\":\"https:\/\/beroparts.be\/#organization\"},\"potentialAction\":[{\"@type\":\"SearchAction\",\"target\":{\"@type\":\"EntryPoint\",\"urlTemplate\":\"https:\/\/beroparts.be\/?s={search_term_string}\"},\"query-input\":\"required name=search_term_string\"}],\"inLanguage\":\"de\"},{\"@type\":\"Organization\",\"@id\":\"https:\/\/beroparts.be\/#organization\",\"name\":\"Beroparts\",\"url\":\"https:\/\/beroparts.be\/\",\"logo\":{\"@type\":\"ImageObject\",\"inLanguage\":\"de\",\"@id\":\"https:\/\/beroparts.be\/#\/schema\/logo\/image\/\",\"url\":\"https:\/\/beroparts.be\/wp-content\/uploads\/2023\/04\/logo_Beroparts_Tekengebied-1.png\",\"contentUrl\":\"https:\/\/beroparts.be\/wp-content\/uploads\/2023\/04\/logo_Beroparts_Tekengebied-1.png\",\"width\":1642,\"height\":1443,\"caption\":\"Beroparts\"},\"image\":{\"@id\":\"https:\/\/beroparts.be\/#\/schema\/logo\/image\/\"}}]}<\/script>\n<!-- \/ Yoast SEO plugin. -->","yoast_head_json":{"title":"Contact - Beroparts","robots":{"index":"index","follow":"follow","max-snippet":"max-snippet:-1","max-image-preview":"max-image-preview:large","max-video-preview":"max-video-preview:-1"},"canonical":"https:\/\/beroparts.be\/de\/kontakt\/","og_locale":"de_DE","og_type":"article","og_title":"Contact - Beroparts","og_description":"At your service Bentley and Rolls Royce are known for their high-quality engineering and design, and this also applies to their spareparts. Using high-quality spareparts is essential to maintaining the performance and longevity of these luxury vehicles. Beroparts is a reliable source for a wide range of auto parts, including genuine, OEM, alternative, refurbished and [&hellip;]","og_url":"https:\/\/beroparts.be\/de\/kontakt\/","og_site_name":"Beroparts","article_modified_time":"2023-06-02T07:23:36+00:00","twitter_card":"summary_large_image","twitter_misc":{"Gesch\u00e4tzte Lesezeit":"1\u00a0Minute"},"schema":{"@context":"https:\/\/schema.org","@graph":[{"@type":"WebPage","@id":"https:\/\/beroparts.be\/contact\/","url":"https:\/\/beroparts.be\/contact\/","name":"Contact - Beroparts","isPartOf":{"@id":"https:\/\/beroparts.be\/#website"},"datePublished":"2023-05-02T08:14:18+00:00","dateModified":"2023-06-02T07:23:36+00:00","breadcrumb":{"@id":"https:\/\/beroparts.be\/contact\/#breadcrumb"},"inLanguage":"de","potentialAction":[{"@type":"ReadAction","target":["https:\/\/beroparts.be\/contact\/"]}]},{"@type":"BreadcrumbList","@id":"https:\/\/beroparts.be\/contact\/#breadcrumb","itemListElement":[{"@type":"ListItem","position":1,"name":"Home","item":"https:\/\/beroparts.be\/"},{"@type":"ListItem","position":2,"name":"Contact"}]},{"@type":"WebSite","@id":"https:\/\/beroparts.be\/#website","url":"https:\/\/beroparts.be\/","name":"Beroparts","description":"Sparepartes for Bentley &amp; Rolls Royce","publisher":{"@id":"https:\/\/beroparts.be\/#organization"},"potentialAction":[{"@type":"SearchAction","target":{"@type":"EntryPoint","urlTemplate":"https:\/\/beroparts.be\/?s={search_term_string}"},"query-input":"required name=search_term_string"}],"inLanguage":"de"},{"@type":"Organization","@id":"https:\/\/beroparts.be\/#organization","name":"Beroparts","url":"https:\/\/beroparts.be\/","logo":{"@type":"ImageObject","inLanguage":"de","@id":"https:\/\/beroparts.be\/#\/schema\/logo\/image\/","url":"https:\/\/beroparts.be\/wp-content\/uploads\/2023\/04\/logo_Beroparts_Tekengebied-1.png","contentUrl":"https:\/\/beroparts.be\/wp-content\/uploads\/2023\/04\/logo_Beroparts_Tekengebied-1.png","width":1642,"height":1443,"caption":"Beroparts"},"image":{"@id":"https:\/\/beroparts.be\/#\/schema\/logo\/image\/"}}]}},"_links":{"self":[{"href":"https:\/\/beroparts.be\/de\/wp-json\/wp\/v2\/pages\/5503","targetHints":{"allow":["GET"]}}],"collection":[{"href":"https:\/\/beroparts.be\/de\/wp-json\/wp\/v2\/pages"}],"about":[{"href":"https:\/\/beroparts.be\/de\/wp-json\/wp\/v2\/types\/page"}],"author":[{"embeddable":true,"href":"https:\/\/beroparts.be\/de\/wp-json\/wp\/v2\/users\/1"}],"replies":[{"embeddable":true,"href":"https:\/\/beroparts.be\/de\/wp-json\/wp\/v2\/comments?post=5503"}],"version-history":[{"count":13,"href":"https:\/\/beroparts.be\/de\/wp-json\/wp\/v2\/pages\/5503\/revisions"}],"predecessor-version":[{"id":7068,"href":"https:\/\/beroparts.be\/de\/wp-json\/wp\/v2\/pages\/5503\/revisions\/7068"}],"wp:attachment":[{"href":"https:\/\/beroparts.be\/de\/wp-json\/wp\/v2\/media?parent=5503"}],"curies":[{"name":"wp","href":"https:\/\/api.w.org\/{rel}","templated":true}]}}