{"id":1705,"date":"2023-04-07T15:26:21","date_gmt":"2023-04-07T15:26:21","guid":{"rendered":"https:\/\/beroparts.be\/?post_type=product&#038;p=1705"},"modified":"2023-11-11T07:51:54","modified_gmt":"2023-11-11T07:51:54","slug":"x4404ss","status":"publish","type":"product","link":"https:\/\/beroparts.be\/fr\/produit\/x4404ss\/","title":{"rendered":"X4404SS"},"content":{"rendered":"<p><strong>Rondelle plate 2BA<\/strong><\/p>\n<div class=\"product-long-desc\">\n<ul>\n<li><em><span style=\"font-family: Calibri; font-size: small;\">Tous les mod\u00e8les de voitures<\/span><\/em><\/li>\n<\/ul>\n<p><span style=\"font-family: Calibri; font-size: small;\">Cette rondelle simple provient de la section des pi\u00e8ces de carrosserie (externes) des catalogues de pi\u00e8ces d\u00e9tach\u00e9es Rolls-Royce &amp; Bentley pour les mod\u00e8les construits entre 1946 et 2010.<\/span><\/p>\n<p><span style=\"font-family: Calibri; font-size: small;\">Chaque fois que vous montez une pi\u00e8ce automobile - ou que vous fixez n'importe quel mat\u00e9riau - \u00e0 l'aide d'une combinaison d'\u00e9crous et de boulons, vous devez toujours utiliser des rondelles. Il ne s'agit pas d'un simple accessoire cosm\u00e9tique, mais d'une rondelle qui remplit deux fonctions : d'une part, elle prot\u00e8ge le m\u00e9tal des dommages caus\u00e9s par le serrage de l'\u00e9crou et, d'autre part, elle fournit une surface lisse et plane pour que l'\u00e9crou et le boulon restent bien serr\u00e9s le plus longtemps possible.<\/span><\/p>\n<\/div>","protected":false},"excerpt":{"rendered":"<p>Rondelle plate 2BA<\/p>\n<p>Pi\u00e8ce d'origine<\/p>","protected":false},"featured_media":1721,"template":"","meta":[],"product_cat":[25,22,30,26],"product_tag":[],"class_list":{"0":"post-1705","1":"product","2":"type-product","3":"status-publish","4":"has-post-thumbnail","6":"product_cat-airco","7":"product_cat-brakes","8":"product_cat-cooling-system","9":"product_cat-electrical-lighting-heating-ignition","11":"first","12":"instock","13":"taxable","14":"shipping-taxable","15":"purchasable","16":"product-type-simple"},"yoast_head":"<!-- This site is optimized with the Yoast SEO plugin v21.7 - https:\/\/yoast.com\/wordpress\/plugins\/seo\/ -->\n<title>X4404SS - Beroparts<\/title>\n<meta name=\"robots\" content=\"index, follow, max-snippet:-1, max-image-preview:large, max-video-preview:-1\" \/>\n<link rel=\"canonical\" href=\"https:\/\/beroparts.be\/fr\/produit\/x4404ss\/\" \/>\n<meta property=\"og:locale\" content=\"fr_FR\" \/>\n<meta property=\"og:type\" content=\"article\" \/>\n<meta property=\"og:title\" content=\"X4404SS - Beroparts\" \/>\n<meta property=\"og:description\" content=\"Plain Washer 2BA  Genuine part\" \/>\n<meta property=\"og:url\" content=\"https:\/\/beroparts.be\/fr\/produit\/x4404ss\/\" \/>\n<meta property=\"og:site_name\" content=\"Beroparts\" \/>\n<meta property=\"article:modified_time\" content=\"2023-11-11T07:51:54+00:00\" \/>\n<meta property=\"og:image\" content=\"https:\/\/beroparts.be\/wp-content\/uploads\/2023\/04\/X4404SS.jpg\" \/>\n\t<meta property=\"og:image:width\" content=\"700\" \/>\n\t<meta property=\"og:image:height\" content=\"700\" \/>\n\t<meta property=\"og:image:type\" content=\"image\/jpeg\" \/>\n<meta name=\"twitter:card\" content=\"summary_large_image\" \/>\n<meta name=\"twitter:label1\" content=\"Dur\u00e9e de lecture estim\u00e9e\" \/>\n\t<meta name=\"twitter:data1\" content=\"1 minute\" \/>\n<script type=\"application\/ld+json\" class=\"yoast-schema-graph\">{\"@context\":\"https:\/\/schema.org\",\"@graph\":[{\"@type\":\"WebPage\",\"@id\":\"https:\/\/beroparts.be\/product\/x4404ss\/\",\"url\":\"https:\/\/beroparts.be\/product\/x4404ss\/\",\"name\":\"X4404SS - Beroparts\",\"isPartOf\":{\"@id\":\"https:\/\/beroparts.be\/#website\"},\"datePublished\":\"2023-04-07T15:26:21+00:00\",\"dateModified\":\"2023-11-11T07:51:54+00:00\",\"breadcrumb\":{\"@id\":\"https:\/\/beroparts.be\/product\/x4404ss\/#breadcrumb\"},\"inLanguage\":\"fr-FR\",\"potentialAction\":[{\"@type\":\"ReadAction\",\"target\":[\"https:\/\/beroparts.be\/product\/x4404ss\/\"]}]},{\"@type\":\"BreadcrumbList\",\"@id\":\"https:\/\/beroparts.be\/product\/x4404ss\/#breadcrumb\",\"itemListElement\":[{\"@type\":\"ListItem\",\"position\":1,\"name\":\"Home\",\"item\":\"https:\/\/beroparts.be\/\"},{\"@type\":\"ListItem\",\"position\":2,\"name\":\"Shop\",\"item\":\"https:\/\/beroparts.be\/shop\/\"},{\"@type\":\"ListItem\",\"position\":3,\"name\":\"X4404SS\"}]},{\"@type\":\"WebSite\",\"@id\":\"https:\/\/beroparts.be\/#website\",\"url\":\"https:\/\/beroparts.be\/\",\"name\":\"Beroparts\",\"description\":\"Sparepartes for Bentley &amp; Rolls Royce\",\"publisher\":{\"@id\":\"https:\/\/beroparts.be\/#organization\"},\"potentialAction\":[{\"@type\":\"SearchAction\",\"target\":{\"@type\":\"EntryPoint\",\"urlTemplate\":\"https:\/\/beroparts.be\/?s={search_term_string}\"},\"query-input\":\"required name=search_term_string\"}],\"inLanguage\":\"fr-FR\"},{\"@type\":\"Organization\",\"@id\":\"https:\/\/beroparts.be\/#organization\",\"name\":\"Beroparts\",\"url\":\"https:\/\/beroparts.be\/\",\"logo\":{\"@type\":\"ImageObject\",\"inLanguage\":\"fr-FR\",\"@id\":\"https:\/\/beroparts.be\/#\/schema\/logo\/image\/\",\"url\":\"https:\/\/beroparts.be\/wp-content\/uploads\/2023\/04\/logo_Beroparts_Tekengebied-1.png\",\"contentUrl\":\"https:\/\/beroparts.be\/wp-content\/uploads\/2023\/04\/logo_Beroparts_Tekengebied-1.png\",\"width\":1642,\"height\":1443,\"caption\":\"Beroparts\"},\"image\":{\"@id\":\"https:\/\/beroparts.be\/#\/schema\/logo\/image\/\"}}]}<\/script>\n<!-- \/ Yoast SEO plugin. -->","yoast_head_json":{"title":"X4404SS - Beroparts","robots":{"index":"index","follow":"follow","max-snippet":"max-snippet:-1","max-image-preview":"max-image-preview:large","max-video-preview":"max-video-preview:-1"},"canonical":"https:\/\/beroparts.be\/fr\/produit\/x4404ss\/","og_locale":"fr_FR","og_type":"article","og_title":"X4404SS - Beroparts","og_description":"Plain Washer 2BA  Genuine part","og_url":"https:\/\/beroparts.be\/fr\/produit\/x4404ss\/","og_site_name":"Beroparts","article_modified_time":"2023-11-11T07:51:54+00:00","og_image":[{"width":700,"height":700,"url":"https:\/\/beroparts.be\/wp-content\/uploads\/2023\/04\/X4404SS.jpg","type":"image\/jpeg"}],"twitter_card":"summary_large_image","twitter_misc":{"Dur\u00e9e de lecture estim\u00e9e":"1 minute"},"schema":{"@context":"https:\/\/schema.org","@graph":[{"@type":"WebPage","@id":"https:\/\/beroparts.be\/product\/x4404ss\/","url":"https:\/\/beroparts.be\/product\/x4404ss\/","name":"X4404SS - Beroparts","isPartOf":{"@id":"https:\/\/beroparts.be\/#website"},"datePublished":"2023-04-07T15:26:21+00:00","dateModified":"2023-11-11T07:51:54+00:00","breadcrumb":{"@id":"https:\/\/beroparts.be\/product\/x4404ss\/#breadcrumb"},"inLanguage":"fr-FR","potentialAction":[{"@type":"ReadAction","target":["https:\/\/beroparts.be\/product\/x4404ss\/"]}]},{"@type":"BreadcrumbList","@id":"https:\/\/beroparts.be\/product\/x4404ss\/#breadcrumb","itemListElement":[{"@type":"ListItem","position":1,"name":"Home","item":"https:\/\/beroparts.be\/"},{"@type":"ListItem","position":2,"name":"Shop","item":"https:\/\/beroparts.be\/shop\/"},{"@type":"ListItem","position":3,"name":"X4404SS"}]},{"@type":"WebSite","@id":"https:\/\/beroparts.be\/#website","url":"https:\/\/beroparts.be\/","name":"Beroparts","description":"Sparepartes for Bentley &amp; Rolls Royce","publisher":{"@id":"https:\/\/beroparts.be\/#organization"},"potentialAction":[{"@type":"SearchAction","target":{"@type":"EntryPoint","urlTemplate":"https:\/\/beroparts.be\/?s={search_term_string}"},"query-input":"required name=search_term_string"}],"inLanguage":"fr-FR"},{"@type":"Organization","@id":"https:\/\/beroparts.be\/#organization","name":"Beroparts","url":"https:\/\/beroparts.be\/","logo":{"@type":"ImageObject","inLanguage":"fr-FR","@id":"https:\/\/beroparts.be\/#\/schema\/logo\/image\/","url":"https:\/\/beroparts.be\/wp-content\/uploads\/2023\/04\/logo_Beroparts_Tekengebied-1.png","contentUrl":"https:\/\/beroparts.be\/wp-content\/uploads\/2023\/04\/logo_Beroparts_Tekengebied-1.png","width":1642,"height":1443,"caption":"Beroparts"},"image":{"@id":"https:\/\/beroparts.be\/#\/schema\/logo\/image\/"}}]}},"_links":{"self":[{"href":"https:\/\/beroparts.be\/fr\/wp-json\/wp\/v2\/product\/1705","targetHints":{"allow":["GET"]}}],"collection":[{"href":"https:\/\/beroparts.be\/fr\/wp-json\/wp\/v2\/product"}],"about":[{"href":"https:\/\/beroparts.be\/fr\/wp-json\/wp\/v2\/types\/product"}],"wp:featuredmedia":[{"embeddable":true,"href":"https:\/\/beroparts.be\/fr\/wp-json\/wp\/v2\/media\/1721"}],"wp:attachment":[{"href":"https:\/\/beroparts.be\/fr\/wp-json\/wp\/v2\/media?parent=1705"}],"wp:term":[{"taxonomy":"product_cat","embeddable":true,"href":"https:\/\/beroparts.be\/fr\/wp-json\/wp\/v2\/product_cat?post=1705"},{"taxonomy":"product_tag","embeddable":true,"href":"https:\/\/beroparts.be\/fr\/wp-json\/wp\/v2\/product_tag?post=1705"}],"curies":[{"name":"wp","href":"https:\/\/api.w.org\/{rel}","templated":true}]}}