{"id":844,"date":"2023-04-07T15:21:30","date_gmt":"2023-04-07T15:21:30","guid":{"rendered":"https:\/\/beroparts.be\/?post_type=product&#038;p=844"},"modified":"2023-11-10T19:30:23","modified_gmt":"2023-11-10T19:30:23","slug":"ue40361","status":"publish","type":"product","link":"https:\/\/beroparts.be\/fr\/produit\/ue40361\/","title":{"rendered":"UE40361"},"content":{"rendered":"<ul>\n<li><span style=\"font-family: Calibri; font-size: small;\">Bentley Arnage (04001-07635), Azure (01000 et suivantes), Brooklands Saloon (46004 et suivantes), Continental (09030-50167), Continental R (00999 et suivantes), Continental SC (65000 et suivantes), Continental T (01500 et suivantes), Corniche (02499-50707), Eight (8862-44562), Mulsanne (01009-44588), T2 Saloon (30046-41573), Turbo (04233 et suivantes)<\/span><\/li>\n<li><span style=\"font-family: Calibri; font-size: small;\">Rolls-Royce Camargue (\u00e0 partir de 01570), Corniche (\u00e0 partir de 01557), Flying Spur (55012-55761), Limousine (\u00e0 partir de 80001), Phantom, Silver Dawn (\u00e0 partir de 55078), Silver Shadow II Saloon (30001-41601), Silver Spirit (\u00e0 partir de 01001), Silver Spur (\u00e0 partir de 01006), Silver Wraith II (30083-41648)<\/span><\/li>\n<\/ul>","protected":false},"excerpt":{"rendered":"<p>TRANSMETTEUR DE TEMPERATURE DE L'EAU (OE)<\/p>","protected":false},"featured_media":855,"template":"","meta":[],"product_cat":[30],"product_tag":[],"class_list":{"0":"post-844","1":"product","2":"type-product","3":"status-publish","4":"has-post-thumbnail","6":"product_cat-cooling-system","8":"first","9":"instock","10":"taxable","11":"shipping-taxable","12":"purchasable","13":"product-type-simple"},"yoast_head":"<!-- This site is optimized with the Yoast SEO plugin v21.7 - https:\/\/yoast.com\/wordpress\/plugins\/seo\/ -->\n<title>UE40361 - Beroparts<\/title>\n<meta name=\"robots\" content=\"index, follow, max-snippet:-1, max-image-preview:large, max-video-preview:-1\" \/>\n<link rel=\"canonical\" href=\"https:\/\/beroparts.be\/fr\/produit\/ue40361\/\" \/>\n<meta property=\"og:locale\" content=\"fr_FR\" \/>\n<meta property=\"og:type\" content=\"article\" \/>\n<meta property=\"og:title\" content=\"UE40361 - Beroparts\" \/>\n<meta property=\"og:description\" content=\"WATER TEMPERATURE TRANSMITTER (OE)\" \/>\n<meta property=\"og:url\" content=\"https:\/\/beroparts.be\/fr\/produit\/ue40361\/\" \/>\n<meta property=\"og:site_name\" content=\"Beroparts\" \/>\n<meta property=\"article:modified_time\" content=\"2023-11-10T19:30:23+00:00\" \/>\n<meta property=\"og:image\" content=\"https:\/\/beroparts.be\/wp-content\/uploads\/2023\/04\/UE40361-X.jpg\" \/>\n\t<meta property=\"og:image:width\" content=\"700\" \/>\n\t<meta property=\"og:image:height\" content=\"700\" \/>\n\t<meta property=\"og:image:type\" content=\"image\/jpeg\" \/>\n<meta name=\"twitter:card\" content=\"summary_large_image\" \/>\n<script type=\"application\/ld+json\" class=\"yoast-schema-graph\">{\"@context\":\"https:\/\/schema.org\",\"@graph\":[{\"@type\":\"WebPage\",\"@id\":\"https:\/\/beroparts.be\/product\/ue40361\/\",\"url\":\"https:\/\/beroparts.be\/product\/ue40361\/\",\"name\":\"UE40361 - Beroparts\",\"isPartOf\":{\"@id\":\"https:\/\/beroparts.be\/#website\"},\"datePublished\":\"2023-04-07T15:21:30+00:00\",\"dateModified\":\"2023-11-10T19:30:23+00:00\",\"breadcrumb\":{\"@id\":\"https:\/\/beroparts.be\/product\/ue40361\/#breadcrumb\"},\"inLanguage\":\"fr-FR\",\"potentialAction\":[{\"@type\":\"ReadAction\",\"target\":[\"https:\/\/beroparts.be\/product\/ue40361\/\"]}]},{\"@type\":\"BreadcrumbList\",\"@id\":\"https:\/\/beroparts.be\/product\/ue40361\/#breadcrumb\",\"itemListElement\":[{\"@type\":\"ListItem\",\"position\":1,\"name\":\"Home\",\"item\":\"https:\/\/beroparts.be\/\"},{\"@type\":\"ListItem\",\"position\":2,\"name\":\"Shop\",\"item\":\"https:\/\/beroparts.be\/shop\/\"},{\"@type\":\"ListItem\",\"position\":3,\"name\":\"UE40361\"}]},{\"@type\":\"WebSite\",\"@id\":\"https:\/\/beroparts.be\/#website\",\"url\":\"https:\/\/beroparts.be\/\",\"name\":\"Beroparts\",\"description\":\"Sparepartes for Bentley &amp; Rolls Royce\",\"publisher\":{\"@id\":\"https:\/\/beroparts.be\/#organization\"},\"potentialAction\":[{\"@type\":\"SearchAction\",\"target\":{\"@type\":\"EntryPoint\",\"urlTemplate\":\"https:\/\/beroparts.be\/?s={search_term_string}\"},\"query-input\":\"required name=search_term_string\"}],\"inLanguage\":\"fr-FR\"},{\"@type\":\"Organization\",\"@id\":\"https:\/\/beroparts.be\/#organization\",\"name\":\"Beroparts\",\"url\":\"https:\/\/beroparts.be\/\",\"logo\":{\"@type\":\"ImageObject\",\"inLanguage\":\"fr-FR\",\"@id\":\"https:\/\/beroparts.be\/#\/schema\/logo\/image\/\",\"url\":\"https:\/\/beroparts.be\/wp-content\/uploads\/2023\/04\/logo_Beroparts_Tekengebied-1.png\",\"contentUrl\":\"https:\/\/beroparts.be\/wp-content\/uploads\/2023\/04\/logo_Beroparts_Tekengebied-1.png\",\"width\":1642,\"height\":1443,\"caption\":\"Beroparts\"},\"image\":{\"@id\":\"https:\/\/beroparts.be\/#\/schema\/logo\/image\/\"}}]}<\/script>\n<!-- \/ Yoast SEO plugin. -->","yoast_head_json":{"title":"UE40361 - Beroparts","robots":{"index":"index","follow":"follow","max-snippet":"max-snippet:-1","max-image-preview":"max-image-preview:large","max-video-preview":"max-video-preview:-1"},"canonical":"https:\/\/beroparts.be\/fr\/produit\/ue40361\/","og_locale":"fr_FR","og_type":"article","og_title":"UE40361 - Beroparts","og_description":"WATER TEMPERATURE TRANSMITTER (OE)","og_url":"https:\/\/beroparts.be\/fr\/produit\/ue40361\/","og_site_name":"Beroparts","article_modified_time":"2023-11-10T19:30:23+00:00","og_image":[{"width":700,"height":700,"url":"https:\/\/beroparts.be\/wp-content\/uploads\/2023\/04\/UE40361-X.jpg","type":"image\/jpeg"}],"twitter_card":"summary_large_image","schema":{"@context":"https:\/\/schema.org","@graph":[{"@type":"WebPage","@id":"https:\/\/beroparts.be\/product\/ue40361\/","url":"https:\/\/beroparts.be\/product\/ue40361\/","name":"UE40361 - Beroparts","isPartOf":{"@id":"https:\/\/beroparts.be\/#website"},"datePublished":"2023-04-07T15:21:30+00:00","dateModified":"2023-11-10T19:30:23+00:00","breadcrumb":{"@id":"https:\/\/beroparts.be\/product\/ue40361\/#breadcrumb"},"inLanguage":"fr-FR","potentialAction":[{"@type":"ReadAction","target":["https:\/\/beroparts.be\/product\/ue40361\/"]}]},{"@type":"BreadcrumbList","@id":"https:\/\/beroparts.be\/product\/ue40361\/#breadcrumb","itemListElement":[{"@type":"ListItem","position":1,"name":"Home","item":"https:\/\/beroparts.be\/"},{"@type":"ListItem","position":2,"name":"Shop","item":"https:\/\/beroparts.be\/shop\/"},{"@type":"ListItem","position":3,"name":"UE40361"}]},{"@type":"WebSite","@id":"https:\/\/beroparts.be\/#website","url":"https:\/\/beroparts.be\/","name":"Beroparts","description":"Sparepartes for Bentley &amp; Rolls Royce","publisher":{"@id":"https:\/\/beroparts.be\/#organization"},"potentialAction":[{"@type":"SearchAction","target":{"@type":"EntryPoint","urlTemplate":"https:\/\/beroparts.be\/?s={search_term_string}"},"query-input":"required name=search_term_string"}],"inLanguage":"fr-FR"},{"@type":"Organization","@id":"https:\/\/beroparts.be\/#organization","name":"Beroparts","url":"https:\/\/beroparts.be\/","logo":{"@type":"ImageObject","inLanguage":"fr-FR","@id":"https:\/\/beroparts.be\/#\/schema\/logo\/image\/","url":"https:\/\/beroparts.be\/wp-content\/uploads\/2023\/04\/logo_Beroparts_Tekengebied-1.png","contentUrl":"https:\/\/beroparts.be\/wp-content\/uploads\/2023\/04\/logo_Beroparts_Tekengebied-1.png","width":1642,"height":1443,"caption":"Beroparts"},"image":{"@id":"https:\/\/beroparts.be\/#\/schema\/logo\/image\/"}}]}},"_links":{"self":[{"href":"https:\/\/beroparts.be\/fr\/wp-json\/wp\/v2\/product\/844","targetHints":{"allow":["GET"]}}],"collection":[{"href":"https:\/\/beroparts.be\/fr\/wp-json\/wp\/v2\/product"}],"about":[{"href":"https:\/\/beroparts.be\/fr\/wp-json\/wp\/v2\/types\/product"}],"wp:featuredmedia":[{"embeddable":true,"href":"https:\/\/beroparts.be\/fr\/wp-json\/wp\/v2\/media\/855"}],"wp:attachment":[{"href":"https:\/\/beroparts.be\/fr\/wp-json\/wp\/v2\/media?parent=844"}],"wp:term":[{"taxonomy":"product_cat","embeddable":true,"href":"https:\/\/beroparts.be\/fr\/wp-json\/wp\/v2\/product_cat?post=844"},{"taxonomy":"product_tag","embeddable":true,"href":"https:\/\/beroparts.be\/fr\/wp-json\/wp\/v2\/product_tag?post=844"}],"curies":[{"name":"wp","href":"https:\/\/api.w.org\/{rel}","templated":true}]}}